{"id":875,"date":"2023-05-15T17:52:56","date_gmt":"2023-05-15T15:52:56","guid":{"rendered":"https:\/\/healingceremoniesmexico.com\/?page_id=875"},"modified":"2025-07-25T08:49:46","modified_gmt":"2025-07-25T06:49:46","slug":"leceni","status":"publish","type":"page","link":"https:\/\/healingceremoniesmexico.com\/cs\/leceni\/","title":{"rendered":"L\u00e9\u010den\u00ed"},"content":{"rendered":"","protected":false},"excerpt":{"rendered":"","protected":false},"author":1,"featured_media":0,"parent":0,"menu_order":0,"comment_status":"closed","ping_status":"closed","template":"","meta":{"_acf_changed":false,"footnotes":""},"class_list":["post-875","page","type-page","status-publish","hentry"],"acf":[],"aioseo_notices":[],"_links":{"self":[{"href":"https:\/\/healingceremoniesmexico.com\/cs\/wp-json\/wp\/v2\/pages\/875","targetHints":{"allow":["GET"]}}],"collection":[{"href":"https:\/\/healingceremoniesmexico.com\/cs\/wp-json\/wp\/v2\/pages"}],"about":[{"href":"https:\/\/healingceremoniesmexico.com\/cs\/wp-json\/wp\/v2\/types\/page"}],"author":[{"embeddable":true,"href":"https:\/\/healingceremoniesmexico.com\/cs\/wp-json\/wp\/v2\/users\/1"}],"replies":[{"embeddable":true,"href":"https:\/\/healingceremoniesmexico.com\/cs\/wp-json\/wp\/v2\/comments?post=875"}],"version-history":[{"count":7,"href":"https:\/\/healingceremoniesmexico.com\/cs\/wp-json\/wp\/v2\/pages\/875\/revisions"}],"predecessor-version":[{"id":2120,"href":"https:\/\/healingceremoniesmexico.com\/cs\/wp-json\/wp\/v2\/pages\/875\/revisions\/2120"}],"wp:attachment":[{"href":"https:\/\/healingceremoniesmexico.com\/cs\/wp-json\/wp\/v2\/media?parent=875"}],"curies":[{"name":"wp","href":"https:\/\/api.w.org\/{rel}","templated":true}]}}